{"id":2383,"date":"2023-02-07T14:07:56","date_gmt":"2023-02-07T14:07:56","guid":{"rendered":"http:\/\/localhost:8888\/Nevena\/?post_type=product&#038;p=2383"},"modified":"2025-03-18T12:17:17","modified_gmt":"2025-03-18T12:17:17","slug":"puzzle-maska-2","status":"publish","type":"product","link":"https:\/\/www.nevenaleskovac.rs\/en\/product\/puzzle-maska-2\/","title":{"rendered":"Puzzle Mask"},"content":{"rendered":"<div data-elementor-type=\"product-post\" data-elementor-id=\"2383\" class=\"elementor elementor-2383\" data-elementor-post-type=\"product\">\n\t\t\t\t\t\t<section class=\"elementor-section elementor-top-section elementor-element elementor-element-d67a8b3 elementor-section-boxed elementor-section-height-default elementor-section-height-default\" data-id=\"d67a8b3\" data-element_type=\"section\">\n\t\t\t\t\t\t<div class=\"elementor-container elementor-column-gap-default\">\n\t\t\t\t\t<div class=\"elementor-column elementor-col-100 elementor-top-column elementor-element elementor-element-b08db45\" data-id=\"b08db45\" data-element_type=\"column\">\n\t\t\t<div class=\"elementor-widget-wrap elementor-element-populated\">\n\t\t\t\t\t\t<div class=\"elementor-element elementor-element-9dd908c elementor-align-center elementor-icon-list--layout-inline elementor-list-item-link-full_width elementor-widget elementor-widget-icon-list\" data-id=\"9dd908c\" data-element_type=\"widget\" data-widget_type=\"icon-list.default\">\n\t\t\t\t<div class=\"elementor-widget-container\">\n\t\t\t\t\t\t\t<ul class=\"elementor-icon-list-items elementor-inline-items\">\n\t\t\t\t\t\t\t<li class=\"elementor-icon-list-item elementor-inline-item\">\n\t\t\t\t\t\t\t\t\t\t\t<span class=\"elementor-icon-list-icon\">\n\t\t\t\t\t\t\t<i aria-hidden=\"true\" class=\"fas fa-star\"><\/i>\t\t\t\t\t\t<\/span>\n\t\t\t\t\t\t\t\t\t\t<span class=\"elementor-icon-list-text\">For acne-prone skin<\/span>\n\t\t\t\t\t\t\t\t\t<\/li>\n\t\t\t\t\t\t\t\t<li class=\"elementor-icon-list-item elementor-inline-item\">\n\t\t\t\t\t\t\t\t\t\t\t<span class=\"elementor-icon-list-icon\">\n\t\t\t\t\t\t\t<i aria-hidden=\"true\" class=\"fas fa-star\"><\/i>\t\t\t\t\t\t<\/span>\n\t\t\t\t\t\t\t\t\t\t<span class=\"elementor-icon-list-text\">Activated carbon and kaolin<\/span>\n\t\t\t\t\t\t\t\t\t<\/li>\n\t\t\t\t\t\t\t\t<li class=\"elementor-icon-list-item elementor-inline-item\">\n\t\t\t\t\t\t\t\t\t\t\t<span class=\"elementor-icon-list-icon\">\n\t\t\t\t\t\t\t<i aria-hidden=\"true\" class=\"fas fa-star\"><\/i>\t\t\t\t\t\t<\/span>\n\t\t\t\t\t\t\t\t\t\t<span class=\"elementor-icon-list-text\">Contains 100% natural ingredients for sebum control<\/span>\n\t\t\t\t\t\t\t\t\t<\/li>\n\t\t\t\t\t\t<\/ul>\n\t\t\t\t\t\t<\/div>\n\t\t\t\t<\/div>\n\t\t\t\t<div class=\"elementor-element elementor-element-ed84e41 elementor-widget elementor-widget-text-editor\" data-id=\"ed84e41\" data-element_type=\"widget\" data-widget_type=\"text-editor.default\">\n\t\t\t\t<div class=\"elementor-widget-container\">\n\t\t\t\t\t\t\t\t\t<p>Innovative formula<strong> Puzzle mask,<\/strong> it is intended for the cosmetic treatment of problematic skin prone to acne and pimples. The formulation enriched with Kaolin, Tea Tree Oil and the 100% natural active ingredient Sopholiance S, which is also an antibacterial agent, helps prevent the appearance of new acne and pimples, while cleaning and hydrating the skin, making it soft and smooth throughout the day.<\/p>\t\t\t\t\t\t\t\t<\/div>\n\t\t\t\t<\/div>\n\t\t\t\t\t<\/div>\n\t\t<\/div>\n\t\t\t\t\t<\/div>\n\t\t<\/section>\n\t\t\t\t<section class=\"elementor-section elementor-top-section elementor-element elementor-element-e0582ac elementor-section-boxed elementor-section-height-default elementor-section-height-default\" data-id=\"e0582ac\" data-element_type=\"section\">\n\t\t\t\t\t\t<div class=\"elementor-container elementor-column-gap-default\">\n\t\t\t\t\t<div class=\"elementor-column elementor-col-100 elementor-top-column elementor-element elementor-element-3fd9c1d\" data-id=\"3fd9c1d\" data-element_type=\"column\">\n\t\t\t<div class=\"elementor-widget-wrap elementor-element-populated\">\n\t\t\t\t\t\t<div class=\"elementor-element elementor-element-9a3c72a elementor-widget elementor-widget-toggle\" data-id=\"9a3c72a\" data-element_type=\"widget\" data-widget_type=\"toggle.default\">\n\t\t\t\t<div class=\"elementor-widget-container\">\n\t\t\t\t\t\t\t<div class=\"elementor-toggle\">\n\t\t\t\t\t\t\t<div class=\"elementor-toggle-item\">\n\t\t\t\t\t<div id=\"elementor-tab-title-1611\" class=\"elementor-tab-title\" data-tab=\"1\" role=\"button\" aria-controls=\"elementor-tab-content-1611\" aria-expanded=\"false\">\n\t\t\t\t\t\t\t\t\t\t\t\t<span class=\"elementor-toggle-icon elementor-toggle-icon-right\" aria-hidden=\"true\">\n\t\t\t\t\t\t\t\t\t\t\t\t\t\t\t<span class=\"elementor-toggle-icon-closed\"><i class=\"fas fa-caret-right\"><\/i><\/span>\n\t\t\t\t\t\t\t\t<span class=\"elementor-toggle-icon-opened\"><i class=\"elementor-toggle-icon-opened fas fa-caret-up\"><\/i><\/span>\n\t\t\t\t\t\t\t\t\t\t\t\t\t<\/span>\n\t\t\t\t\t\t\t\t\t\t\t\t<a class=\"elementor-toggle-title\" tabindex=\"0\">INGREDIENTS<\/a>\n\t\t\t\t\t<\/div>\n\n\t\t\t\t\t<div id=\"elementor-tab-content-1611\" class=\"elementor-tab-content elementor-clearfix\" data-tab=\"1\" role=\"region\" aria-labelledby=\"elementor-tab-title-1611\"><p>Aqua, Kaolin, Cetearyl Alcohol (and) Sodium Cetearyl Sulfate, Talc, Glyceryl Stearate Citrate, Activated Charcoal, Cetyl Alcohol, Candida bombicola\/ Glucose\/ Methyl Rapeseedate Ferment, Glycerin, Dicaprylyl Ether, Zinc Stearate, Aloe Barbadensis Leaf Juice, Xanthan Gum, Panthenol, Salicylic Acid, Lactic Acid, Tocopheryl Acetate, Melaleuca Alternifolia (Tea Tree) Oil, Allantoin, Bisabolol, Cetyl Palmitate, Parfum, Piroctone Olamine, Tetrasodium EDTA, Phenoxyethanol, Ethylhexylglycerin, Silica.<\/p><\/div>\n\t\t\t\t<\/div>\n\t\t\t\t\t\t\t<div class=\"elementor-toggle-item\">\n\t\t\t\t\t<div id=\"elementor-tab-title-1612\" class=\"elementor-tab-title\" data-tab=\"2\" role=\"button\" aria-controls=\"elementor-tab-content-1612\" aria-expanded=\"false\">\n\t\t\t\t\t\t\t\t\t\t\t\t<span class=\"elementor-toggle-icon elementor-toggle-icon-right\" aria-hidden=\"true\">\n\t\t\t\t\t\t\t\t\t\t\t\t\t\t\t<span class=\"elementor-toggle-icon-closed\"><i class=\"fas fa-caret-right\"><\/i><\/span>\n\t\t\t\t\t\t\t\t<span class=\"elementor-toggle-icon-opened\"><i class=\"elementor-toggle-icon-opened fas fa-caret-up\"><\/i><\/span>\n\t\t\t\t\t\t\t\t\t\t\t\t\t<\/span>\n\t\t\t\t\t\t\t\t\t\t\t\t<a class=\"elementor-toggle-title\" tabindex=\"0\">THE USE OF<\/a>\n\t\t\t\t\t<\/div>\n\n\t\t\t\t\t<div id=\"elementor-tab-content-1612\" class=\"elementor-tab-content elementor-clearfix\" data-tab=\"2\" role=\"region\" aria-labelledby=\"elementor-tab-title-1612\"><p>Apply the mask to clean facial skin, leave it on for 15\u201320 minutes, and then gently wash it off with warm water. It can be used 2\u20133 times a week.<\/p><\/div>\n\t\t\t\t<\/div>\n\t\t\t\t\t\t\t\t<\/div>\n\t\t\t\t\t\t<\/div>\n\t\t\t\t<\/div>\n\t\t\t\t\t<\/div>\n\t\t<\/div>\n\t\t\t\t\t<\/div>\n\t\t<\/section>\n\t\t\t\t<\/div>","protected":false},"excerpt":{"rendered":"<p>Za ko\u017eu sklonu aknama Aktivni ugalj i kaolin Sadr\u017ei 100% prirodni sastojak za kontrolu sebuma Inovativna formula Puzzle maske namenjena je za kozmeti\u010dki tretman problemati\u010dne ko\u017ee sklone pojavi akni i bubuljica. Formulacija oboga\u0107ena Kaolinom, Uljem \u010dajevca i 100% prirodnim aktivnim sastojkom Sopholiance S, koji je ujedno i antibakterijski agens, poma\u017ee u spre\u010davanju pojave novih akni<a class=\"read-article\" href=\"https:\/\/www.nevenaleskovac.rs\/en\/product\/puzzle-maska-2\/\"> Saznaj vise<\/a><\/p>","protected":false},"featured_media":4237,"comment_status":"open","ping_status":"closed","template":"","meta":{"_acf_changed":false},"product_brand":[],"product_cat":[21],"product_tag":[],"class_list":{"0":"post-2383","1":"product","2":"type-product","3":"status-publish","4":"has-post-thumbnail","6":"product_cat-puzzle-kolekcija","8":"first","9":"instock","10":"shipping-taxable","11":"product-type-simple"},"acf":[],"_links":{"self":[{"href":"https:\/\/www.nevenaleskovac.rs\/en\/wp-json\/wp\/v2\/product\/2383","targetHints":{"allow":["GET"]}}],"collection":[{"href":"https:\/\/www.nevenaleskovac.rs\/en\/wp-json\/wp\/v2\/product"}],"about":[{"href":"https:\/\/www.nevenaleskovac.rs\/en\/wp-json\/wp\/v2\/types\/product"}],"replies":[{"embeddable":true,"href":"https:\/\/www.nevenaleskovac.rs\/en\/wp-json\/wp\/v2\/comments?post=2383"}],"version-history":[{"count":8,"href":"https:\/\/www.nevenaleskovac.rs\/en\/wp-json\/wp\/v2\/product\/2383\/revisions"}],"predecessor-version":[{"id":3564,"href":"https:\/\/www.nevenaleskovac.rs\/en\/wp-json\/wp\/v2\/product\/2383\/revisions\/3564"}],"wp:featuredmedia":[{"embeddable":true,"href":"https:\/\/www.nevenaleskovac.rs\/en\/wp-json\/wp\/v2\/media\/4237"}],"wp:attachment":[{"href":"https:\/\/www.nevenaleskovac.rs\/en\/wp-json\/wp\/v2\/media?parent=2383"}],"wp:term":[{"taxonomy":"product_brand","embeddable":true,"href":"https:\/\/www.nevenaleskovac.rs\/en\/wp-json\/wp\/v2\/product_brand?post=2383"},{"taxonomy":"product_cat","embeddable":true,"href":"https:\/\/www.nevenaleskovac.rs\/en\/wp-json\/wp\/v2\/product_cat?post=2383"},{"taxonomy":"product_tag","embeddable":true,"href":"https:\/\/www.nevenaleskovac.rs\/en\/wp-json\/wp\/v2\/product_tag?post=2383"}],"curies":[{"name":"wp","href":"https:\/\/api.w.org\/{rel}","templated":true}]}}