{"id":4139,"date":"2025-03-14T08:04:27","date_gmt":"2025-03-14T08:04:27","guid":{"rendered":"https:\/\/www.nevenaleskovac.rs\/?page_id=4139"},"modified":"2025-03-18T12:01:24","modified_gmt":"2025-03-18T12:01:24","slug":"sebo-control","status":"publish","type":"page","link":"https:\/\/www.nevenaleskovac.rs\/en\/sebo-control\/","title":{"rendered":"Sebo-control"},"content":{"rendered":"<div data-elementor-type=\"wp-page\" data-elementor-id=\"4139\" class=\"elementor elementor-4139\" data-elementor-post-type=\"page\">\n\t\t\t\t\t\t<section class=\"elementor-section elementor-top-section elementor-element elementor-element-b5c6412 elementor-section-full_width elementor-section-height-min-height elementor-section-height-default elementor-section-items-middle\" data-id=\"b5c6412\" data-element_type=\"section\" data-settings=\"{&quot;background_background&quot;:&quot;slideshow&quot;,&quot;background_slideshow_gallery&quot;:[{&quot;id&quot;:3547,&quot;url&quot;:&quot;https:\\\/\\\/www.nevenaleskovac.rs\\\/wp-content\\\/uploads\\\/2023\\\/09\\\/PuzzleCover2.png&quot;}],&quot;background_slideshow_slide_duration&quot;:5000,&quot;background_slideshow_slide_transition&quot;:&quot;fade&quot;,&quot;background_slideshow_transition_duration&quot;:500}\">\n\t\t\t\t\t\t<div class=\"elementor-container elementor-column-gap-no\">\n\t\t\t\t\t<div class=\"elementor-column elementor-col-50 elementor-top-column elementor-element elementor-element-b942f46\" data-id=\"b942f46\" data-element_type=\"column\">\n\t\t\t<div class=\"elementor-widget-wrap\">\n\t\t\t\t\t\t\t<\/div>\n\t\t<\/div>\n\t\t\t\t<div class=\"elementor-column elementor-col-50 elementor-top-column elementor-element elementor-element-4b88cd8\" data-id=\"4b88cd8\" data-element_type=\"column\">\n\t\t\t<div class=\"elementor-widget-wrap elementor-element-populated\">\n\t\t\t\t\t\t<div class=\"elementor-element elementor-element-83365e3 elementor-widget elementor-widget-heading\" data-id=\"83365e3\" data-element_type=\"widget\" data-widget_type=\"heading.default\">\n\t\t\t\t<div class=\"elementor-widget-container\">\n\t\t\t\t\t<h1 class=\"elementor-heading-title elementor-size-default\">Sebo-control<\/h1>\t\t\t\t<\/div>\n\t\t\t\t<\/div>\n\t\t\t\t<div class=\"elementor-element elementor-element-d738d32 elementor-widget elementor-widget-text-editor\" data-id=\"d738d32\" data-element_type=\"widget\" data-widget_type=\"text-editor.default\">\n\t\t\t\t<div class=\"elementor-widget-container\">\n\t\t\t\t\t\t\t\t\t<h3 style=\"font-family: Helvetica, sans-serif; color: #ffff;\">Strong against acne, gentle on the skin<\/h3>\t\t\t\t\t\t\t\t<\/div>\n\t\t\t\t<\/div>\n\t\t\t\t\t<\/div>\n\t\t<\/div>\n\t\t\t\t\t<\/div>\n\t\t<\/section>\n\t\t\t\t<section class=\"elementor-section elementor-top-section elementor-element elementor-element-c53f580 elementor-section-boxed elementor-section-height-default elementor-section-height-default\" data-id=\"c53f580\" data-element_type=\"section\">\n\t\t\t\t\t\t<div class=\"elementor-container elementor-column-gap-default\">\n\t\t\t\t\t<div class=\"elementor-column elementor-col-100 elementor-top-column elementor-element elementor-element-a7b15db\" data-id=\"a7b15db\" data-element_type=\"column\">\n\t\t\t<div class=\"elementor-widget-wrap elementor-element-populated\">\n\t\t\t\t\t\t<div class=\"elementor-element elementor-element-927f4de elementor-widget elementor-widget-heading\" data-id=\"927f4de\" data-element_type=\"widget\" data-widget_type=\"heading.default\">\n\t\t\t\t<div class=\"elementor-widget-container\">\n\t\t\t\t\t<h2 class=\"elementor-heading-title elementor-size-default\">Strong against acne, gentle on the skin<\/h2>\t\t\t\t<\/div>\n\t\t\t\t<\/div>\n\t\t\t\t<div class=\"elementor-element elementor-element-71a61e8 elementor-widget elementor-widget-text-editor\" data-id=\"71a61e8\" data-element_type=\"widget\" data-widget_type=\"text-editor.default\">\n\t\t\t\t<div class=\"elementor-widget-container\">\n\t\t\t\t\t\t\t\t\t<p class=\"p1\">The Sebo-Control collection is our special line of acne and pimple treatment products, specifically designed for all skin types and areas prone to breakouts, including the face, neck, back, and d\u00e9colletage. Sebo-Control products feature active formulas with natural ingredients, providing a complete skincare treatment for nourishing and protecting the skin. They help eliminate existing acne and prevent new breakouts from forming. The collection includes four products, among which you can find the Sebo-Control soap,<span style=\"color: var( --e-global-color-text ); font-size: 1.1em;\">cream, gel and tonic.<\/span><\/p>\t\t\t\t\t\t\t\t<\/div>\n\t\t\t\t<\/div>\n\t\t\t\t<div class=\"elementor-element elementor-element-0e4feb2 elementor-widget elementor-widget-image\" data-id=\"0e4feb2\" data-element_type=\"widget\" data-widget_type=\"image.default\">\n\t\t\t\t<div class=\"elementor-widget-container\">\n\t\t\t\t\t\t\t\t\t\t\t\t\t\t\t<img decoding=\"async\" width=\"334\" height=\"94\" src=\"https:\/\/www.nevenaleskovac.rs\/wp-content\/uploads\/2025\/03\/Swiss.png\" class=\"attachment-large size-large wp-image-4116\" alt=\"\" srcset=\"https:\/\/www.nevenaleskovac.rs\/wp-content\/uploads\/2025\/03\/Swiss.png 334w, https:\/\/www.nevenaleskovac.rs\/wp-content\/uploads\/2025\/03\/Swiss-300x84.png 300w, https:\/\/www.nevenaleskovac.rs\/wp-content\/uploads\/2025\/03\/Swiss-18x5.png 18w\" sizes=\"(max-width: 334px) 100vw, 334px\" \/>\t\t\t\t\t\t\t\t\t\t\t\t\t\t\t<\/div>\n\t\t\t\t<\/div>\n\t\t\t\t<div class=\"elementor-element elementor-element-a09fa73 elementor-widget elementor-widget-heading\" data-id=\"a09fa73\" data-element_type=\"widget\" data-widget_type=\"heading.default\">\n\t\t\t\t<div class=\"elementor-widget-container\">\n\t\t\t\t\t<h2 class=\"elementor-heading-title elementor-size-default\">Sebo-Control products<\/h2>\t\t\t\t<\/div>\n\t\t\t\t<\/div>\n\t\t\t\t<div class=\"elementor-element elementor-element-1600fa6 elementor-widget elementor-widget-text-editor\" data-id=\"1600fa6\" data-element_type=\"widget\" data-widget_type=\"text-editor.default\">\n\t\t\t\t<div class=\"elementor-widget-container\">\n\t\t\t\t\t\t\t\t\t<p class=\"p1 translation-block\">Each <strong>Sebo-control<\/strong> product has its own unique formula, purpose, and application. What all our products have in common are enriched formulations and natural, active ingredients. Aloe Vera extract, Tea Tree oil, Niacinamide, and minerals like Kaolin, also known as White Clay, are just some of the natural components. Additionally, Bisabolol, a naturally derived ingredient known for its soothing effect on the skin, and Sopholiance S are also part of the formula.<\/p>\n<p class=\"p1\">Sopholiance S is a bio-surfactant of 100% natural origin, which prevents the development of bacteria responsible for the appearance of acne and pimples, and also regulates the production of sebum, a key factor in the appearance of acne and pimples.&nbsp;<\/p>\n<p class=\"p1\">Most products also contain salicylic acid, which is a very effective agent in the fight against acne and pimples.<\/p>\t\t\t\t\t\t\t\t<\/div>\n\t\t\t\t<\/div>\n\t\t\t\t\t<\/div>\n\t\t<\/div>\n\t\t\t\t\t<\/div>\n\t\t<\/section>\n\t\t\t\t<section class=\"elementor-section elementor-top-section elementor-element elementor-element-ac6dc10 elementor-section-boxed elementor-section-height-default elementor-section-height-default\" data-id=\"ac6dc10\" data-element_type=\"section\">\n\t\t\t\t\t\t<div class=\"elementor-container elementor-column-gap-default\">\n\t\t\t\t\t<div class=\"elementor-column elementor-col-33 elementor-top-column elementor-element elementor-element-303309c\" data-id=\"303309c\" data-element_type=\"column\" data-settings=\"{&quot;background_background&quot;:&quot;classic&quot;}\">\n\t\t\t<div class=\"elementor-widget-wrap elementor-element-populated\">\n\t\t\t\t\t\t<div class=\"elementor-element elementor-element-0c6d372 elementor-widget elementor-widget-image\" data-id=\"0c6d372\" data-element_type=\"widget\" data-widget_type=\"image.default\">\n\t\t\t\t<div class=\"elementor-widget-container\">\n\t\t\t\t\t\t\t\t\t\t\t\t\t\t\t\t<a href=\"https:\/\/www.nevenaleskovac.rs\/en\/product\/sebo-control-krema\/\">\n\t\t\t\t\t\t\t<img fetchpriority=\"high\" decoding=\"async\" width=\"800\" height=\"800\" src=\"https:\/\/www.nevenaleskovac.rs\/wp-content\/uploads\/2025\/03\/Sebo_Contorl_Cream_50ml-1024x1024.png\" class=\"attachment-large size-large wp-image-4142\" alt=\"\" srcset=\"https:\/\/www.nevenaleskovac.rs\/wp-content\/uploads\/2025\/03\/Sebo_Contorl_Cream_50ml-1024x1024.png 1024w, https:\/\/www.nevenaleskovac.rs\/wp-content\/uploads\/2025\/03\/Sebo_Contorl_Cream_50ml-300x300.png 300w, https:\/\/www.nevenaleskovac.rs\/wp-content\/uploads\/2025\/03\/Sebo_Contorl_Cream_50ml-150x150.png 150w, https:\/\/www.nevenaleskovac.rs\/wp-content\/uploads\/2025\/03\/Sebo_Contorl_Cream_50ml-768x768.png 768w, https:\/\/www.nevenaleskovac.rs\/wp-content\/uploads\/2025\/03\/Sebo_Contorl_Cream_50ml-12x12.png 12w, https:\/\/www.nevenaleskovac.rs\/wp-content\/uploads\/2025\/03\/Sebo_Contorl_Cream_50ml-600x600.png 600w, https:\/\/www.nevenaleskovac.rs\/wp-content\/uploads\/2025\/03\/Sebo_Contorl_Cream_50ml-100x100.png 100w, https:\/\/www.nevenaleskovac.rs\/wp-content\/uploads\/2025\/03\/Sebo_Contorl_Cream_50ml.png 1500w\" sizes=\"(max-width: 800px) 100vw, 800px\" \/>\t\t\t\t\t\t\t\t<\/a>\n\t\t\t\t\t\t\t\t\t\t\t\t\t\t\t<\/div>\n\t\t\t\t<\/div>\n\t\t\t\t<div class=\"elementor-element elementor-element-edf4bba elementor-widget elementor-widget-heading\" data-id=\"edf4bba\" data-element_type=\"widget\" data-widget_type=\"heading.default\">\n\t\t\t\t<div class=\"elementor-widget-container\">\n\t\t\t\t\t<h2 class=\"elementor-heading-title elementor-size-default\">Cream<\/h2>\t\t\t\t<\/div>\n\t\t\t\t<\/div>\n\t\t\t\t<div class=\"elementor-element elementor-element-a75bdc8 elementor-widget elementor-widget-text-editor\" data-id=\"a75bdc8\" data-element_type=\"widget\" data-widget_type=\"text-editor.default\">\n\t\t\t\t<div class=\"elementor-widget-container\">\n\t\t\t\t\t\t\t\t\t<p class=\"p1\">\u2022 Natural ingredient for sebum control<\/p><p class=\"p1\">\u2022 Tea Tree Oil and White Clay<\/p>\t\t\t\t\t\t\t\t<\/div>\n\t\t\t\t<\/div>\n\t\t\t\t<div class=\"elementor-element elementor-element-765e967 elementor-align-center elementor-widget elementor-widget-button\" data-id=\"765e967\" data-element_type=\"widget\" data-widget_type=\"button.default\">\n\t\t\t\t<div class=\"elementor-widget-container\">\n\t\t\t\t\t\t\t\t\t<div class=\"elementor-button-wrapper\">\n\t\t\t\t\t<a class=\"elementor-button elementor-button-link elementor-size-sm\" href=\"https:\/\/www.nevenaleskovac.rs\/en\/product\/sebo-control-krema\/\">\n\t\t\t\t\t\t<span class=\"elementor-button-content-wrapper\">\n\t\t\t\t\t\t\t\t\t<span class=\"elementor-button-text\">Learn more<\/span>\n\t\t\t\t\t<\/span>\n\t\t\t\t\t<\/a>\n\t\t\t\t<\/div>\n\t\t\t\t\t\t\t\t<\/div>\n\t\t\t\t<\/div>\n\t\t\t\t\t<\/div>\n\t\t<\/div>\n\t\t\t\t<div class=\"elementor-column elementor-col-33 elementor-top-column elementor-element elementor-element-9e73308\" data-id=\"9e73308\" data-element_type=\"column\" data-settings=\"{&quot;background_background&quot;:&quot;classic&quot;}\">\n\t\t\t<div class=\"elementor-widget-wrap elementor-element-populated\">\n\t\t\t\t\t\t<div class=\"elementor-element elementor-element-dfb66d2 elementor-widget elementor-widget-image\" data-id=\"dfb66d2\" data-element_type=\"widget\" data-widget_type=\"image.default\">\n\t\t\t\t<div class=\"elementor-widget-container\">\n\t\t\t\t\t\t\t\t\t\t\t\t\t\t\t\t<a href=\"https:\/\/www.nevenaleskovac.rs\/en\/product\/sebo-control-tonik\/\">\n\t\t\t\t\t\t\t<img decoding=\"async\" width=\"800\" height=\"800\" src=\"https:\/\/www.nevenaleskovac.rs\/wp-content\/uploads\/2025\/03\/Sebo_Contorl_MicelarTonic_100ml-1024x1024.png\" class=\"attachment-large size-large wp-image-4151\" alt=\"\" srcset=\"https:\/\/www.nevenaleskovac.rs\/wp-content\/uploads\/2025\/03\/Sebo_Contorl_MicelarTonic_100ml-1024x1024.png 1024w, https:\/\/www.nevenaleskovac.rs\/wp-content\/uploads\/2025\/03\/Sebo_Contorl_MicelarTonic_100ml-300x300.png 300w, https:\/\/www.nevenaleskovac.rs\/wp-content\/uploads\/2025\/03\/Sebo_Contorl_MicelarTonic_100ml-150x150.png 150w, https:\/\/www.nevenaleskovac.rs\/wp-content\/uploads\/2025\/03\/Sebo_Contorl_MicelarTonic_100ml-768x768.png 768w, https:\/\/www.nevenaleskovac.rs\/wp-content\/uploads\/2025\/03\/Sebo_Contorl_MicelarTonic_100ml-12x12.png 12w, https:\/\/www.nevenaleskovac.rs\/wp-content\/uploads\/2025\/03\/Sebo_Contorl_MicelarTonic_100ml-600x600.png 600w, https:\/\/www.nevenaleskovac.rs\/wp-content\/uploads\/2025\/03\/Sebo_Contorl_MicelarTonic_100ml-100x100.png 100w, https:\/\/www.nevenaleskovac.rs\/wp-content\/uploads\/2025\/03\/Sebo_Contorl_MicelarTonic_100ml.png 1500w\" sizes=\"(max-width: 800px) 100vw, 800px\" \/>\t\t\t\t\t\t\t\t<\/a>\n\t\t\t\t\t\t\t\t\t\t\t\t\t\t\t<\/div>\n\t\t\t\t<\/div>\n\t\t\t\t<div class=\"elementor-element elementor-element-6d13b25 elementor-widget elementor-widget-heading\" data-id=\"6d13b25\" data-element_type=\"widget\" data-widget_type=\"heading.default\">\n\t\t\t\t<div class=\"elementor-widget-container\">\n\t\t\t\t\t<h2 class=\"elementor-heading-title elementor-size-default\">Tonic<\/h2>\t\t\t\t<\/div>\n\t\t\t\t<\/div>\n\t\t\t\t<div class=\"elementor-element elementor-element-23bca92 elementor-widget elementor-widget-text-editor\" data-id=\"23bca92\" data-element_type=\"widget\" data-widget_type=\"text-editor.default\">\n\t\t\t\t<div class=\"elementor-widget-container\">\n\t\t\t\t\t\t\t\t\t<p class=\"p1\">\u2022 For acne-prone skin<\/p><p class=\"p1\">\u2022 Contains Tea Tree Oil and Aloe Gel<\/p>\t\t\t\t\t\t\t\t<\/div>\n\t\t\t\t<\/div>\n\t\t\t\t<div class=\"elementor-element elementor-element-4d88400 elementor-align-center elementor-widget elementor-widget-button\" data-id=\"4d88400\" data-element_type=\"widget\" data-widget_type=\"button.default\">\n\t\t\t\t<div class=\"elementor-widget-container\">\n\t\t\t\t\t\t\t\t\t<div class=\"elementor-button-wrapper\">\n\t\t\t\t\t<a class=\"elementor-button elementor-button-link elementor-size-sm\" href=\"https:\/\/www.nevenaleskovac.rs\/en\/product\/sebo-control-tonik\/\">\n\t\t\t\t\t\t<span class=\"elementor-button-content-wrapper\">\n\t\t\t\t\t\t\t\t\t<span class=\"elementor-button-text\">Learn more<\/span>\n\t\t\t\t\t<\/span>\n\t\t\t\t\t<\/a>\n\t\t\t\t<\/div>\n\t\t\t\t\t\t\t\t<\/div>\n\t\t\t\t<\/div>\n\t\t\t\t\t<\/div>\n\t\t<\/div>\n\t\t\t\t<div class=\"elementor-column elementor-col-33 elementor-top-column elementor-element elementor-element-f8d074a\" data-id=\"f8d074a\" data-element_type=\"column\" data-settings=\"{&quot;background_background&quot;:&quot;classic&quot;}\">\n\t\t\t<div class=\"elementor-widget-wrap elementor-element-populated\">\n\t\t\t\t\t\t<div class=\"elementor-element elementor-element-d7c4882 elementor-widget elementor-widget-image\" data-id=\"d7c4882\" data-element_type=\"widget\" data-widget_type=\"image.default\">\n\t\t\t\t<div class=\"elementor-widget-container\">\n\t\t\t\t\t\t\t\t\t\t\t\t\t\t\t\t<a href=\"https:\/\/www.nevenaleskovac.rs\/en\/product\/sebo-control-sapun\/\">\n\t\t\t\t\t\t\t<img loading=\"lazy\" decoding=\"async\" width=\"800\" height=\"800\" src=\"https:\/\/www.nevenaleskovac.rs\/wp-content\/uploads\/2025\/03\/Sebo_Contorl_SoapBar_78g-1024x1024.png\" class=\"attachment-large size-large wp-image-4144\" alt=\"\" srcset=\"https:\/\/www.nevenaleskovac.rs\/wp-content\/uploads\/2025\/03\/Sebo_Contorl_SoapBar_78g-1024x1024.png 1024w, https:\/\/www.nevenaleskovac.rs\/wp-content\/uploads\/2025\/03\/Sebo_Contorl_SoapBar_78g-300x300.png 300w, https:\/\/www.nevenaleskovac.rs\/wp-content\/uploads\/2025\/03\/Sebo_Contorl_SoapBar_78g-150x150.png 150w, https:\/\/www.nevenaleskovac.rs\/wp-content\/uploads\/2025\/03\/Sebo_Contorl_SoapBar_78g-768x768.png 768w, https:\/\/www.nevenaleskovac.rs\/wp-content\/uploads\/2025\/03\/Sebo_Contorl_SoapBar_78g-12x12.png 12w, https:\/\/www.nevenaleskovac.rs\/wp-content\/uploads\/2025\/03\/Sebo_Contorl_SoapBar_78g-600x600.png 600w, https:\/\/www.nevenaleskovac.rs\/wp-content\/uploads\/2025\/03\/Sebo_Contorl_SoapBar_78g-100x100.png 100w, https:\/\/www.nevenaleskovac.rs\/wp-content\/uploads\/2025\/03\/Sebo_Contorl_SoapBar_78g.png 1500w\" sizes=\"(max-width: 800px) 100vw, 800px\" \/>\t\t\t\t\t\t\t\t<\/a>\n\t\t\t\t\t\t\t\t\t\t\t\t\t\t\t<\/div>\n\t\t\t\t<\/div>\n\t\t\t\t<div class=\"elementor-element elementor-element-a1637a4 elementor-widget elementor-widget-heading\" data-id=\"a1637a4\" data-element_type=\"widget\" data-widget_type=\"heading.default\">\n\t\t\t\t<div class=\"elementor-widget-container\">\n\t\t\t\t\t<h2 class=\"elementor-heading-title elementor-size-default\">Soap Bar<\/h2>\t\t\t\t<\/div>\n\t\t\t\t<\/div>\n\t\t\t\t<div class=\"elementor-element elementor-element-a0111fc elementor-widget elementor-widget-text-editor\" data-id=\"a0111fc\" data-element_type=\"widget\" data-widget_type=\"text-editor.default\">\n\t\t\t\t<div class=\"elementor-widget-container\">\n\t\t\t\t\t\t\t\t\t<p class=\"p1\">\u2022 For acne-prone skin<\/p><p class=\"p1\">\u2022 Contains Tea Tree Oil and Aloe Gel<\/p>\t\t\t\t\t\t\t\t<\/div>\n\t\t\t\t<\/div>\n\t\t\t\t<div class=\"elementor-element elementor-element-5965b90 elementor-align-center elementor-widget elementor-widget-button\" data-id=\"5965b90\" data-element_type=\"widget\" data-widget_type=\"button.default\">\n\t\t\t\t<div class=\"elementor-widget-container\">\n\t\t\t\t\t\t\t\t\t<div class=\"elementor-button-wrapper\">\n\t\t\t\t\t<a class=\"elementor-button elementor-button-link elementor-size-sm\" href=\"https:\/\/www.nevenaleskovac.rs\/en\/product\/sebo-control-sapun\/\">\n\t\t\t\t\t\t<span class=\"elementor-button-content-wrapper\">\n\t\t\t\t\t\t\t\t\t<span class=\"elementor-button-text\">Learn more<\/span>\n\t\t\t\t\t<\/span>\n\t\t\t\t\t<\/a>\n\t\t\t\t<\/div>\n\t\t\t\t\t\t\t\t<\/div>\n\t\t\t\t<\/div>\n\t\t\t\t\t<\/div>\n\t\t<\/div>\n\t\t\t\t\t<\/div>\n\t\t<\/section>\n\t\t\t\t<section class=\"elementor-section elementor-top-section elementor-element elementor-element-a5cceee elementor-section-boxed elementor-section-height-default elementor-section-height-default\" data-id=\"a5cceee\" data-element_type=\"section\">\n\t\t\t\t\t\t<div class=\"elementor-container elementor-column-gap-default\">\n\t\t\t\t\t<div class=\"elementor-column elementor-col-33 elementor-top-column elementor-element elementor-element-7af90bd\" data-id=\"7af90bd\" data-element_type=\"column\" data-settings=\"{&quot;background_background&quot;:&quot;classic&quot;}\">\n\t\t\t<div class=\"elementor-widget-wrap\">\n\t\t\t\t\t\t\t<\/div>\n\t\t<\/div>\n\t\t\t\t<div class=\"elementor-column elementor-col-33 elementor-top-column elementor-element elementor-element-4bbb775\" data-id=\"4bbb775\" data-element_type=\"column\" data-settings=\"{&quot;background_background&quot;:&quot;classic&quot;}\">\n\t\t\t<div class=\"elementor-widget-wrap elementor-element-populated\">\n\t\t\t\t\t\t<div class=\"elementor-element elementor-element-6219339 elementor-widget elementor-widget-image\" data-id=\"6219339\" data-element_type=\"widget\" data-widget_type=\"image.default\">\n\t\t\t\t<div class=\"elementor-widget-container\">\n\t\t\t\t\t\t\t\t\t\t\t\t\t\t\t\t<a href=\"https:\/\/www.nevenaleskovac.rs\/en\/product\/sebo-control-gel\/\">\n\t\t\t\t\t\t\t<img loading=\"lazy\" decoding=\"async\" width=\"800\" height=\"800\" src=\"https:\/\/www.nevenaleskovac.rs\/wp-content\/uploads\/2025\/03\/Sebo_Gel_250ml-1024x1024.png\" class=\"attachment-large size-large wp-image-4150\" alt=\"\" srcset=\"https:\/\/www.nevenaleskovac.rs\/wp-content\/uploads\/2025\/03\/Sebo_Gel_250ml-1024x1024.png 1024w, https:\/\/www.nevenaleskovac.rs\/wp-content\/uploads\/2025\/03\/Sebo_Gel_250ml-300x300.png 300w, https:\/\/www.nevenaleskovac.rs\/wp-content\/uploads\/2025\/03\/Sebo_Gel_250ml-150x150.png 150w, https:\/\/www.nevenaleskovac.rs\/wp-content\/uploads\/2025\/03\/Sebo_Gel_250ml-768x768.png 768w, https:\/\/www.nevenaleskovac.rs\/wp-content\/uploads\/2025\/03\/Sebo_Gel_250ml-12x12.png 12w, https:\/\/www.nevenaleskovac.rs\/wp-content\/uploads\/2025\/03\/Sebo_Gel_250ml-600x600.png 600w, https:\/\/www.nevenaleskovac.rs\/wp-content\/uploads\/2025\/03\/Sebo_Gel_250ml-100x100.png 100w, https:\/\/www.nevenaleskovac.rs\/wp-content\/uploads\/2025\/03\/Sebo_Gel_250ml.png 1500w\" sizes=\"(max-width: 800px) 100vw, 800px\" \/>\t\t\t\t\t\t\t\t<\/a>\n\t\t\t\t\t\t\t\t\t\t\t\t\t\t\t<\/div>\n\t\t\t\t<\/div>\n\t\t\t\t<div class=\"elementor-element elementor-element-04caba5 elementor-widget elementor-widget-heading\" data-id=\"04caba5\" data-element_type=\"widget\" data-widget_type=\"heading.default\">\n\t\t\t\t<div class=\"elementor-widget-container\">\n\t\t\t\t\t<h2 class=\"elementor-heading-title elementor-size-default\">Gel<\/h2>\t\t\t\t<\/div>\n\t\t\t\t<\/div>\n\t\t\t\t<div class=\"elementor-element elementor-element-8096a1c elementor-widget elementor-widget-text-editor\" data-id=\"8096a1c\" data-element_type=\"widget\" data-widget_type=\"text-editor.default\">\n\t\t\t\t<div class=\"elementor-widget-container\">\n\t\t\t\t\t\t\t\t\t<p class=\"p1\"><span style=\"color: var( --e-global-color-text ); font-size: 1rem;\">\u2022 100% natural ingredient for sebum control\u00a0<\/span><\/p><p class=\"p1\">\u2022 Tea Tree Oil and Salicylic Acid<\/p>\t\t\t\t\t\t\t\t<\/div>\n\t\t\t\t<\/div>\n\t\t\t\t<div class=\"elementor-element elementor-element-c07f9a8 elementor-align-center elementor-widget elementor-widget-button\" data-id=\"c07f9a8\" data-element_type=\"widget\" data-widget_type=\"button.default\">\n\t\t\t\t<div class=\"elementor-widget-container\">\n\t\t\t\t\t\t\t\t\t<div class=\"elementor-button-wrapper\">\n\t\t\t\t\t<a class=\"elementor-button elementor-button-link elementor-size-sm\" href=\"https:\/\/www.nevenaleskovac.rs\/en\/product\/sebo-control-gel\/\">\n\t\t\t\t\t\t<span class=\"elementor-button-content-wrapper\">\n\t\t\t\t\t\t\t\t\t<span class=\"elementor-button-text\">Learn more<\/span>\n\t\t\t\t\t<\/span>\n\t\t\t\t\t<\/a>\n\t\t\t\t<\/div>\n\t\t\t\t\t\t\t\t<\/div>\n\t\t\t\t<\/div>\n\t\t\t\t\t<\/div>\n\t\t<\/div>\n\t\t\t\t<div class=\"elementor-column elementor-col-33 elementor-top-column elementor-element elementor-element-4c768e4\" data-id=\"4c768e4\" data-element_type=\"column\" data-settings=\"{&quot;background_background&quot;:&quot;classic&quot;}\">\n\t\t\t<div class=\"elementor-widget-wrap\">\n\t\t\t\t\t\t\t<\/div>\n\t\t<\/div>\n\t\t\t\t\t<\/div>\n\t\t<\/section>\n\t\t\t\t<section class=\"elementor-section elementor-top-section elementor-element elementor-element-3a3bab0 elementor-section-boxed elementor-section-height-default elementor-section-height-default\" data-id=\"3a3bab0\" data-element_type=\"section\">\n\t\t\t\t\t\t<div class=\"elementor-container elementor-column-gap-default\">\n\t\t\t\t\t<div class=\"elementor-column elementor-col-100 elementor-top-column elementor-element elementor-element-2992052\" data-id=\"2992052\" data-element_type=\"column\">\n\t\t\t<div class=\"elementor-widget-wrap elementor-element-populated\">\n\t\t\t\t\t\t<div class=\"elementor-element elementor-element-a20280e elementor-widget elementor-widget-heading\" data-id=\"a20280e\" data-element_type=\"widget\" data-widget_type=\"heading.default\">\n\t\t\t\t<div class=\"elementor-widget-container\">\n\t\t\t\t\t<h2 class=\"elementor-heading-title elementor-size-default\">Acne and pimple treatment products \u2013 How to use<\/h2>\t\t\t\t<\/div>\n\t\t\t\t<\/div>\n\t\t\t\t<div class=\"elementor-element elementor-element-38fce15 elementor-widget elementor-widget-text-editor\" data-id=\"38fce15\" data-element_type=\"widget\" data-widget_type=\"text-editor.default\">\n\t\t\t\t<div class=\"elementor-widget-container\">\n\t\t\t\t\t\t\t\t\t<p class=\"p1\">Most Sebo-Control products are recommended to be used in combination with others for maximum effectiveness. First, cleanse the skin of the face, neck, back, or d\u00e9colletage with Sebo-Control soap or gel. Then, use the Sebo-Control toner to deeply clean the skin. Finally, apply the Sebo-Control cream specifically to the affected areas, avoiding the area around the eyes.\u00a0<\/p><p class=\"p1\">Our products are not only designed for all skin types, but they are also tailored to fit every lifestyle and routine.<\/p>\t\t\t\t\t\t\t\t<\/div>\n\t\t\t\t<\/div>\n\t\t\t\t\t<\/div>\n\t\t<\/div>\n\t\t\t\t\t<\/div>\n\t\t<\/section>\n\t\t\t\t<\/div>","protected":false},"excerpt":{"rendered":"<p>Sebo-control Sna\u017eno protiv akni, ne\u017eno prema ko\u017ei Sna\u017eno protiv akni, ne\u017eno prema ko\u017ei Sebo-control kolekcija je na\u0161a posebna linija preparata protiv akni i bubuljica, specijalno kreirana za sve tipove mladala\u010dke ko\u017ee i regije lica, vrata, le\u0111a i dekoltea. Sebo-control preparati i njihove aktivne formule sa prirodnim sastojcima pru\u017eaju kompletan kozmeti\u010dki tretman za negu i za\u0161titu<a class=\"read-article\" href=\"https:\/\/www.nevenaleskovac.rs\/en\/sebo-control\/\"> Saznaj vise<\/a><\/p>","protected":false},"author":1,"featured_media":0,"parent":0,"menu_order":0,"comment_status":"closed","ping_status":"closed","template":"","meta":{"_acf_changed":false,"footnotes":""},"class_list":["post-4139","page","type-page","status-publish","hentry"],"acf":[],"_links":{"self":[{"href":"https:\/\/www.nevenaleskovac.rs\/en\/wp-json\/wp\/v2\/pages\/4139","targetHints":{"allow":["GET"]}}],"collection":[{"href":"https:\/\/www.nevenaleskovac.rs\/en\/wp-json\/wp\/v2\/pages"}],"about":[{"href":"https:\/\/www.nevenaleskovac.rs\/en\/wp-json\/wp\/v2\/types\/page"}],"author":[{"embeddable":true,"href":"https:\/\/www.nevenaleskovac.rs\/en\/wp-json\/wp\/v2\/users\/1"}],"replies":[{"embeddable":true,"href":"https:\/\/www.nevenaleskovac.rs\/en\/wp-json\/wp\/v2\/comments?post=4139"}],"version-history":[{"count":46,"href":"https:\/\/www.nevenaleskovac.rs\/en\/wp-json\/wp\/v2\/pages\/4139\/revisions"}],"predecessor-version":[{"id":4253,"href":"https:\/\/www.nevenaleskovac.rs\/en\/wp-json\/wp\/v2\/pages\/4139\/revisions\/4253"}],"wp:attachment":[{"href":"https:\/\/www.nevenaleskovac.rs\/en\/wp-json\/wp\/v2\/media?parent=4139"}],"curies":[{"name":"wp","href":"https:\/\/api.w.org\/{rel}","templated":true}]}}