{"id":31,"date":"2022-02-08T19:36:30","date_gmt":"2022-02-08T19:36:30","guid":{"rendered":"http:\/\/localhost:8888\/Nevena\/?page_id=31"},"modified":"2024-05-24T11:25:40","modified_gmt":"2024-05-24T11:25:40","slug":"kontakt","status":"publish","type":"page","link":"https:\/\/www.nevenaleskovac.rs\/en\/kontakt\/","title":{"rendered":"Contact"},"content":{"rendered":"<div data-elementor-type=\"wp-page\" data-elementor-id=\"31\" class=\"elementor elementor-31\" data-elementor-post-type=\"page\">\n\t\t\t\t\t\t<section class=\"elementor-section elementor-top-section elementor-element elementor-element-24edd84 elementor-section-boxed elementor-section-height-default elementor-section-height-default\" data-id=\"24edd84\" data-element_type=\"section\">\n\t\t\t\t\t\t<div class=\"elementor-container elementor-column-gap-no\">\n\t\t\t\t\t<div class=\"elementor-column elementor-col-100 elementor-top-column elementor-element elementor-element-5d3399a\" data-id=\"5d3399a\" data-element_type=\"column\">\n\t\t\t<div class=\"elementor-widget-wrap elementor-element-populated\">\n\t\t\t\t\t\t<div class=\"elementor-element elementor-element-1b76019 elementor-widget elementor-widget-heading\" data-id=\"1b76019\" data-element_type=\"widget\" data-widget_type=\"heading.default\">\n\t\t\t\t<div class=\"elementor-widget-container\">\n\t\t\t\t\t<h3 class=\"elementor-heading-title elementor-size-medium\">CHEMICAL INDUSTRY NEVENA<\/h3>\t\t\t\t<\/div>\n\t\t\t\t<\/div>\n\t\t\t\t<div class=\"elementor-element elementor-element-22f7ae8 elementor-widget elementor-widget-text-editor\" data-id=\"22f7ae8\" data-element_type=\"widget\" data-widget_type=\"text-editor.default\">\n\t\t\t\t<div class=\"elementor-widget-container\">\n\t\t\t\t\t\t\t\t\t<h3 style=\"font-family: Barlow, sans-serif; line-height: 1.4; color: #363636; margin-top: 0px; margin-bottom: 14px; font-size: 22px;\"><strong><span style=\"color: #4c4c4c; font-size: 15px;\">NEVENA d.o.o. Belgrade<\/span><\/strong><\/h3><p><span style=\"color: #4c4c4c; font-family: Barlow, sans-serif; font-size: 15px;\"><strong>Headquarters address:<\/strong><br \/>Sur\u010dinska 10E, 1<\/span><span style=\"color: #4c4c4c; font-family: Barlow, sans-serif; font-size: 15px; font-weight: var( --e-global-typography-text-font-weight );\">1070 Belgrade<br \/><\/span><span style=\"font-weight: var( --e-global-typography-text-font-weight ); color: #4c4c4c; font-family: Barlow, sans-serif; font-size: 15px;\">SERBIA<\/span><\/p><p style=\"margin-right: 0px; margin-bottom: 15px; margin-left: 0px; line-height: 1.5; color: #4c4c4c; font-family: Barlow, sans-serif; font-size: 15px;\"><strong>Factory address:<\/strong><br \/>\u0110or\u0111a Stamenkovi\u0107a bb, 16000 Leskovac<\/p><p><strong>phone:<\/strong> +381 11 318 48 00<br \/><strong>e-mail:<\/strong>\u00a0<strong>office@nevena.co.rs<\/strong><\/p>\t\t\t\t\t\t\t\t<\/div>\n\t\t\t\t<\/div>\n\t\t\t\t\t<\/div>\n\t\t<\/div>\n\t\t\t\t\t<\/div>\n\t\t<\/section>\n\t\t\t\t<section class=\"elementor-section elementor-top-section elementor-element elementor-element-b88e7d7 elementor-section-full_width elementor-section-height-default elementor-section-height-default\" data-id=\"b88e7d7\" data-element_type=\"section\">\n\t\t\t\t\t\t<div class=\"elementor-container elementor-column-gap-no\">\n\t\t\t\t\t<div class=\"elementor-column elementor-col-100 elementor-top-column elementor-element elementor-element-ade5d48\" data-id=\"ade5d48\" data-element_type=\"column\">\n\t\t\t<div class=\"elementor-widget-wrap elementor-element-populated\">\n\t\t\t\t\t\t<div class=\"elementor-element elementor-element-52650b8 elementor-widget elementor-widget-google_maps\" data-id=\"52650b8\" data-element_type=\"widget\" data-widget_type=\"google_maps.default\">\n\t\t\t\t<div class=\"elementor-widget-container\">\n\t\t\t\t\t\t\t<div class=\"elementor-custom-embed\">\n\t\t\t<iframe loading=\"lazy\"\n\t\t\t\t\tsrc=\"https:\/\/maps.google.com\/maps?q=%C4%90or%C4%91a%20Stamenkovi%C4%87a%20bb%2016000%20Leskovac%2C%20Serbia&#038;t=m&#038;z=13&#038;output=embed&#038;iwloc=near\"\n\t\t\t\t\ttitle=\"\u0110or\u0111a Stamenkovi\u0107a bb 16000 Leskovac, Serbia\"\n\t\t\t\t\taria-label=\"\u0110or\u0111a Stamenkovi\u0107a bb 16000 Leskovac, Serbia\"\n\t\t\t><\/iframe>\n\t\t<\/div>\n\t\t\t\t\t\t<\/div>\n\t\t\t\t<\/div>\n\t\t\t\t\t<\/div>\n\t\t<\/div>\n\t\t\t\t\t<\/div>\n\t\t<\/section>\n\t\t\t\t<\/div>","protected":false},"excerpt":{"rendered":"<p>HEMIJSKA INDUSTRIJA NEVENA NEVENA d.o.o. Beograd Adresa sedi\u0161ta:Sur\u010dinska 10E, 11070 BeogradSRBIJA Adresa proizvodnje:\u0110or\u0111a Stamenkovi\u0107a bb, 16000 Leskovac tel: +381 11 318 48 00e-po\u0161ta:\u00a0office@nevena.co.rs<\/p>","protected":false},"author":1,"featured_media":0,"parent":0,"menu_order":0,"comment_status":"closed","ping_status":"closed","template":"","meta":{"_acf_changed":false,"footnotes":""},"class_list":["post-31","page","type-page","status-publish","hentry"],"acf":[],"_links":{"self":[{"href":"https:\/\/www.nevenaleskovac.rs\/en\/wp-json\/wp\/v2\/pages\/31","targetHints":{"allow":["GET"]}}],"collection":[{"href":"https:\/\/www.nevenaleskovac.rs\/en\/wp-json\/wp\/v2\/pages"}],"about":[{"href":"https:\/\/www.nevenaleskovac.rs\/en\/wp-json\/wp\/v2\/types\/page"}],"author":[{"embeddable":true,"href":"https:\/\/www.nevenaleskovac.rs\/en\/wp-json\/wp\/v2\/users\/1"}],"replies":[{"embeddable":true,"href":"https:\/\/www.nevenaleskovac.rs\/en\/wp-json\/wp\/v2\/comments?post=31"}],"version-history":[{"count":70,"href":"https:\/\/www.nevenaleskovac.rs\/en\/wp-json\/wp\/v2\/pages\/31\/revisions"}],"predecessor-version":[{"id":3936,"href":"https:\/\/www.nevenaleskovac.rs\/en\/wp-json\/wp\/v2\/pages\/31\/revisions\/3936"}],"wp:attachment":[{"href":"https:\/\/www.nevenaleskovac.rs\/en\/wp-json\/wp\/v2\/media?parent=31"}],"curies":[{"name":"wp","href":"https:\/\/api.w.org\/{rel}","templated":true}]}}