{"id":1138,"date":"2022-11-24T13:05:28","date_gmt":"2022-11-24T13:05:28","guid":{"rendered":"http:\/\/localhost:8888\/Nevena\/?page_id=1138"},"modified":"2025-06-23T13:03:40","modified_gmt":"2025-06-23T13:03:40","slug":"fresh-step-kolekcija","status":"publish","type":"page","link":"https:\/\/www.nevenaleskovac.rs\/en\/fresh-step-kolekcija\/","title":{"rendered":"Fresh Step"},"content":{"rendered":"<div data-elementor-type=\"wp-page\" data-elementor-id=\"1138\" class=\"elementor elementor-1138\" data-elementor-post-type=\"page\">\n\t\t\t\t\t\t<section class=\"elementor-section elementor-top-section elementor-element elementor-element-b5c6412 elementor-section-full_width elementor-section-height-min-height elementor-section-height-default elementor-section-items-middle\" data-id=\"b5c6412\" data-element_type=\"section\" data-settings=\"{&quot;background_background&quot;:&quot;slideshow&quot;,&quot;background_slideshow_gallery&quot;:[{&quot;id&quot;:3260,&quot;url&quot;:&quot;https:\\\/\\\/www.nevenaleskovac.rs\\\/wp-content\\\/uploads\\\/2023\\\/02\\\/FreshStep.jpg&quot;}],&quot;background_slideshow_slide_duration&quot;:5000,&quot;background_slideshow_slide_transition&quot;:&quot;fade&quot;,&quot;background_slideshow_transition_duration&quot;:500}\">\n\t\t\t\t\t\t<div class=\"elementor-container elementor-column-gap-no\">\n\t\t\t\t\t<div class=\"elementor-column elementor-col-50 elementor-top-column elementor-element elementor-element-b942f46 elementor-hidden-mobile_extra elementor-hidden-mobile\" data-id=\"b942f46\" data-element_type=\"column\">\n\t\t\t<div class=\"elementor-widget-wrap\">\n\t\t\t\t\t\t\t<\/div>\n\t\t<\/div>\n\t\t\t\t<div class=\"elementor-column elementor-col-50 elementor-top-column elementor-element elementor-element-4b88cd8\" data-id=\"4b88cd8\" data-element_type=\"column\">\n\t\t\t<div class=\"elementor-widget-wrap elementor-element-populated\">\n\t\t\t\t\t\t<div class=\"elementor-element elementor-element-83365e3 elementor-widget elementor-widget-heading\" data-id=\"83365e3\" data-element_type=\"widget\" data-widget_type=\"heading.default\">\n\t\t\t\t<div class=\"elementor-widget-container\">\n\t\t\t\t\t<h1 class=\"elementor-heading-title elementor-size-default\">FRESH STEP<\/h1>\t\t\t\t<\/div>\n\t\t\t\t<\/div>\n\t\t\t\t<div class=\"elementor-element elementor-element-d738d32 elementor-widget elementor-widget-text-editor\" data-id=\"d738d32\" data-element_type=\"widget\" data-widget_type=\"text-editor.default\">\n\t\t\t\t<div class=\"elementor-widget-container\">\n\t\t\t\t\t\t\t\t\t<p>Foot care<\/p>\t\t\t\t\t\t\t\t<\/div>\n\t\t\t\t<\/div>\n\t\t\t\t\t<\/div>\n\t\t<\/div>\n\t\t\t\t\t<\/div>\n\t\t<\/section>\n\t\t\t\t<section class=\"elementor-section elementor-top-section elementor-element elementor-element-14ef82e elementor-section-boxed elementor-section-height-default elementor-section-height-default\" data-id=\"14ef82e\" data-element_type=\"section\">\n\t\t\t\t\t\t<div class=\"elementor-container elementor-column-gap-default\">\n\t\t\t\t\t<div class=\"elementor-column elementor-col-100 elementor-top-column elementor-element elementor-element-8ee1300\" data-id=\"8ee1300\" data-element_type=\"column\">\n\t\t\t<div class=\"elementor-widget-wrap elementor-element-populated\">\n\t\t\t\t\t\t<div class=\"elementor-element elementor-element-64de6bf elementor-widget elementor-widget-heading\" data-id=\"64de6bf\" data-element_type=\"widget\" data-widget_type=\"heading.default\">\n\t\t\t\t<div class=\"elementor-widget-container\">\n\t\t\t\t\t<h2 class=\"elementor-heading-title elementor-size-default\">Foot care<\/h2>\t\t\t\t<\/div>\n\t\t\t\t<\/div>\n\t\t\t\t<div class=\"elementor-element elementor-element-f393583 elementor-widget elementor-widget-text-editor\" data-id=\"f393583\" data-element_type=\"widget\" data-widget_type=\"text-editor.default\">\n\t\t\t\t<div class=\"elementor-widget-container\">\n\t\t\t\t\t\t\t\t\t<p><strong>Fresh Step<\/strong> products, with their unique formula, provide complete care and relief for the feet. Highly reliable preparations for massage and care of tired, overstressed and painful feet. They help with fungal infections, stimulate circulation, eliminate unpleasant odors and suppress excessive sweating of the feet. Carefully selected active components perfectly soothe tired and sensitive feet and give them freshness and a pleasant feeling.<\/p>\t\t\t\t\t\t\t\t<\/div>\n\t\t\t\t<\/div>\n\t\t\t\t\t<\/div>\n\t\t<\/div>\n\t\t\t\t\t<\/div>\n\t\t<\/section>\n\t\t\t\t<section class=\"elementor-section elementor-top-section elementor-element elementor-element-5667389 elementor-section-boxed elementor-section-height-default elementor-section-height-default\" data-id=\"5667389\" data-element_type=\"section\">\n\t\t\t\t\t\t<div class=\"elementor-container elementor-column-gap-default\">\n\t\t\t\t\t<div class=\"elementor-column elementor-col-33 elementor-top-column elementor-element elementor-element-509d62a\" data-id=\"509d62a\" data-element_type=\"column\" data-settings=\"{&quot;background_background&quot;:&quot;classic&quot;}\">\n\t\t\t<div class=\"elementor-widget-wrap elementor-element-populated\">\n\t\t\t\t\t\t<div class=\"elementor-element elementor-element-bf11d17 elementor-widget elementor-widget-image\" data-id=\"bf11d17\" data-element_type=\"widget\" data-widget_type=\"image.default\">\n\t\t\t\t<div class=\"elementor-widget-container\">\n\t\t\t\t\t\t\t\t\t\t\t\t\t\t\t\t<a href=\"https:\/\/www.nevenaleskovac.rs\/en\/product\/fresh-step-krema-za-pete\/\">\n\t\t\t\t\t\t\t<img fetchpriority=\"high\" decoding=\"async\" width=\"800\" height=\"800\" src=\"https:\/\/www.nevenaleskovac.rs\/wp-content\/uploads\/2025\/06\/N_FreshStep_KremaZaPete-1024x1024.png\" class=\"attachment-large size-large wp-image-4319\" alt=\"\" srcset=\"https:\/\/www.nevenaleskovac.rs\/wp-content\/uploads\/2025\/06\/N_FreshStep_KremaZaPete-1024x1024.png 1024w, https:\/\/www.nevenaleskovac.rs\/wp-content\/uploads\/2025\/06\/N_FreshStep_KremaZaPete-300x300.png 300w, https:\/\/www.nevenaleskovac.rs\/wp-content\/uploads\/2025\/06\/N_FreshStep_KremaZaPete-150x150.png 150w, https:\/\/www.nevenaleskovac.rs\/wp-content\/uploads\/2025\/06\/N_FreshStep_KremaZaPete-768x768.png 768w, https:\/\/www.nevenaleskovac.rs\/wp-content\/uploads\/2025\/06\/N_FreshStep_KremaZaPete-1536x1536.png 1536w, https:\/\/www.nevenaleskovac.rs\/wp-content\/uploads\/2025\/06\/N_FreshStep_KremaZaPete-12x12.png 12w, https:\/\/www.nevenaleskovac.rs\/wp-content\/uploads\/2025\/06\/N_FreshStep_KremaZaPete-600x600.png 600w, https:\/\/www.nevenaleskovac.rs\/wp-content\/uploads\/2025\/06\/N_FreshStep_KremaZaPete-100x100.png 100w, https:\/\/www.nevenaleskovac.rs\/wp-content\/uploads\/2025\/06\/N_FreshStep_KremaZaPete.png 2000w\" sizes=\"(max-width: 800px) 100vw, 800px\" \/>\t\t\t\t\t\t\t\t<\/a>\n\t\t\t\t\t\t\t\t\t\t\t\t\t\t\t<\/div>\n\t\t\t\t<\/div>\n\t\t\t\t<div class=\"elementor-element elementor-element-aea8dc8 elementor-widget elementor-widget-heading\" data-id=\"aea8dc8\" data-element_type=\"widget\" data-widget_type=\"heading.default\">\n\t\t\t\t<div class=\"elementor-widget-container\">\n\t\t\t\t\t<h2 class=\"elementor-heading-title elementor-size-default\">Krema Za Pete<\/h2>\t\t\t\t<\/div>\n\t\t\t\t<\/div>\n\t\t\t\t<div class=\"elementor-element elementor-element-c24f4fa elementor-widget elementor-widget-text-editor\" data-id=\"c24f4fa\" data-element_type=\"widget\" data-widget_type=\"text-editor.default\">\n\t\t\t\t<div class=\"elementor-widget-container\">\n\t\t\t\t\t\t\t\t\t<p>\u2022\u00a0<strong>10% Urea<\/strong><\/p><p>\u2022  Protects the skin from cracking<\/p>\t\t\t\t\t\t\t\t<\/div>\n\t\t\t\t<\/div>\n\t\t\t\t<div class=\"elementor-element elementor-element-f630c73 elementor-align-center elementor-widget elementor-widget-button\" data-id=\"f630c73\" data-element_type=\"widget\" data-widget_type=\"button.default\">\n\t\t\t\t<div class=\"elementor-widget-container\">\n\t\t\t\t\t\t\t\t\t<div class=\"elementor-button-wrapper\">\n\t\t\t\t\t<a class=\"elementor-button elementor-button-link elementor-size-sm\" href=\"#elementor-action%3Aaction%3Dpopup%3Aopen%26settings%3DeyJpZCI6IjQzODQiLCJ0b2dnbGUiOmZhbHNlfQ%3D%3D\">\n\t\t\t\t\t\t<span class=\"elementor-button-content-wrapper\">\n\t\t\t\t\t\t\t\t\t<span class=\"elementor-button-text\">BUY<\/span>\n\t\t\t\t\t<\/span>\n\t\t\t\t\t<\/a>\n\t\t\t\t<\/div>\n\t\t\t\t\t\t\t\t<\/div>\n\t\t\t\t<\/div>\n\t\t\t\t\t<\/div>\n\t\t<\/div>\n\t\t\t\t<div class=\"elementor-column elementor-col-33 elementor-top-column elementor-element elementor-element-76cbc68\" data-id=\"76cbc68\" data-element_type=\"column\" data-settings=\"{&quot;background_background&quot;:&quot;classic&quot;}\">\n\t\t\t<div class=\"elementor-widget-wrap elementor-element-populated\">\n\t\t\t\t\t\t<div class=\"elementor-element elementor-element-395b3b7 elementor-widget elementor-widget-image\" data-id=\"395b3b7\" data-element_type=\"widget\" data-widget_type=\"image.default\">\n\t\t\t\t<div class=\"elementor-widget-container\">\n\t\t\t\t\t\t\t\t\t\t\t\t\t\t\t\t<a href=\"https:\/\/www.nevenaleskovac.rs\/en\/product\/fresh-step-krema-gel-za-stopala\/\">\n\t\t\t\t\t\t\t<img decoding=\"async\" width=\"800\" height=\"800\" src=\"https:\/\/www.nevenaleskovac.rs\/wp-content\/uploads\/2025\/06\/N_FreshStep_CreamyGel_Kutija-1024x1024.png\" class=\"attachment-large size-large wp-image-4318\" alt=\"\" srcset=\"https:\/\/www.nevenaleskovac.rs\/wp-content\/uploads\/2025\/06\/N_FreshStep_CreamyGel_Kutija-1024x1024.png 1024w, https:\/\/www.nevenaleskovac.rs\/wp-content\/uploads\/2025\/06\/N_FreshStep_CreamyGel_Kutija-300x300.png 300w, https:\/\/www.nevenaleskovac.rs\/wp-content\/uploads\/2025\/06\/N_FreshStep_CreamyGel_Kutija-150x150.png 150w, https:\/\/www.nevenaleskovac.rs\/wp-content\/uploads\/2025\/06\/N_FreshStep_CreamyGel_Kutija-768x768.png 768w, https:\/\/www.nevenaleskovac.rs\/wp-content\/uploads\/2025\/06\/N_FreshStep_CreamyGel_Kutija-1536x1536.png 1536w, https:\/\/www.nevenaleskovac.rs\/wp-content\/uploads\/2025\/06\/N_FreshStep_CreamyGel_Kutija-12x12.png 12w, https:\/\/www.nevenaleskovac.rs\/wp-content\/uploads\/2025\/06\/N_FreshStep_CreamyGel_Kutija-600x600.png 600w, https:\/\/www.nevenaleskovac.rs\/wp-content\/uploads\/2025\/06\/N_FreshStep_CreamyGel_Kutija-100x100.png 100w, https:\/\/www.nevenaleskovac.rs\/wp-content\/uploads\/2025\/06\/N_FreshStep_CreamyGel_Kutija.png 2000w\" sizes=\"(max-width: 800px) 100vw, 800px\" \/>\t\t\t\t\t\t\t\t<\/a>\n\t\t\t\t\t\t\t\t\t\t\t\t\t\t\t<\/div>\n\t\t\t\t<\/div>\n\t\t\t\t<div class=\"elementor-element elementor-element-b9a1dfe elementor-widget elementor-widget-heading\" data-id=\"b9a1dfe\" data-element_type=\"widget\" data-widget_type=\"heading.default\">\n\t\t\t\t<div class=\"elementor-widget-container\">\n\t\t\t\t\t<h2 class=\"elementor-heading-title elementor-size-default\">Krem Gel Za Stopala<\/h2>\t\t\t\t<\/div>\n\t\t\t\t<\/div>\n\t\t\t\t<div class=\"elementor-element elementor-element-24df934 elementor-widget elementor-widget-text-editor\" data-id=\"24df934\" data-element_type=\"widget\" data-widget_type=\"text-editor.default\">\n\t\t\t\t<div class=\"elementor-widget-container\">\n\t\t\t\t\t\t\t\t\t<p class=\"p1\">\u2022  Contains <span class=\"s1\"><b>panthenol<\/b><\/span> and <span class=\"s1\"><b>minth oil<\/b><\/span>\u00a0<\/p><p class=\"p1\">\u2022  Protects the skin from cracking\u00a0<\/p>\t\t\t\t\t\t\t\t<\/div>\n\t\t\t\t<\/div>\n\t\t\t\t<div class=\"elementor-element elementor-element-cf3546a elementor-align-center elementor-widget elementor-widget-button\" data-id=\"cf3546a\" data-element_type=\"widget\" data-widget_type=\"button.default\">\n\t\t\t\t<div class=\"elementor-widget-container\">\n\t\t\t\t\t\t\t\t\t<div class=\"elementor-button-wrapper\">\n\t\t\t\t\t<a class=\"elementor-button elementor-button-link elementor-size-sm\" href=\"#elementor-action%3Aaction%3Dpopup%3Aopen%26settings%3DeyJpZCI6IjQzOTEiLCJ0b2dnbGUiOmZhbHNlfQ%3D%3D\">\n\t\t\t\t\t\t<span class=\"elementor-button-content-wrapper\">\n\t\t\t\t\t\t\t\t\t<span class=\"elementor-button-text\">BUY<\/span>\n\t\t\t\t\t<\/span>\n\t\t\t\t\t<\/a>\n\t\t\t\t<\/div>\n\t\t\t\t\t\t\t\t<\/div>\n\t\t\t\t<\/div>\n\t\t\t\t\t<\/div>\n\t\t<\/div>\n\t\t\t\t<div class=\"elementor-column elementor-col-33 elementor-top-column elementor-element elementor-element-45da315\" data-id=\"45da315\" data-element_type=\"column\" data-settings=\"{&quot;background_background&quot;:&quot;classic&quot;}\">\n\t\t\t<div class=\"elementor-widget-wrap elementor-element-populated\">\n\t\t\t\t\t\t<div class=\"elementor-element elementor-element-f37c46f elementor-widget elementor-widget-image\" data-id=\"f37c46f\" data-element_type=\"widget\" data-widget_type=\"image.default\">\n\t\t\t\t<div class=\"elementor-widget-container\">\n\t\t\t\t\t\t\t\t\t\t\t\t\t\t\t\t<a href=\"https:\/\/www.nevenaleskovac.rs\/en\/product\/fresh-step-losion\/\">\n\t\t\t\t\t\t\t<img decoding=\"async\" width=\"800\" height=\"800\" src=\"https:\/\/www.nevenaleskovac.rs\/wp-content\/uploads\/2025\/06\/N_FreshStep_Losion_2025-1024x1024.png\" class=\"attachment-large size-large wp-image-4320\" alt=\"\" srcset=\"https:\/\/www.nevenaleskovac.rs\/wp-content\/uploads\/2025\/06\/N_FreshStep_Losion_2025-1024x1024.png 1024w, https:\/\/www.nevenaleskovac.rs\/wp-content\/uploads\/2025\/06\/N_FreshStep_Losion_2025-300x300.png 300w, https:\/\/www.nevenaleskovac.rs\/wp-content\/uploads\/2025\/06\/N_FreshStep_Losion_2025-150x150.png 150w, https:\/\/www.nevenaleskovac.rs\/wp-content\/uploads\/2025\/06\/N_FreshStep_Losion_2025-768x768.png 768w, https:\/\/www.nevenaleskovac.rs\/wp-content\/uploads\/2025\/06\/N_FreshStep_Losion_2025-1536x1536.png 1536w, https:\/\/www.nevenaleskovac.rs\/wp-content\/uploads\/2025\/06\/N_FreshStep_Losion_2025-12x12.png 12w, https:\/\/www.nevenaleskovac.rs\/wp-content\/uploads\/2025\/06\/N_FreshStep_Losion_2025-600x600.png 600w, https:\/\/www.nevenaleskovac.rs\/wp-content\/uploads\/2025\/06\/N_FreshStep_Losion_2025-100x100.png 100w, https:\/\/www.nevenaleskovac.rs\/wp-content\/uploads\/2025\/06\/N_FreshStep_Losion_2025.png 1800w\" sizes=\"(max-width: 800px) 100vw, 800px\" \/>\t\t\t\t\t\t\t\t<\/a>\n\t\t\t\t\t\t\t\t\t\t\t\t\t\t\t<\/div>\n\t\t\t\t<\/div>\n\t\t\t\t<div class=\"elementor-element elementor-element-258b712 elementor-widget elementor-widget-heading\" data-id=\"258b712\" data-element_type=\"widget\" data-widget_type=\"heading.default\">\n\t\t\t\t<div class=\"elementor-widget-container\">\n\t\t\t\t\t<h2 class=\"elementor-heading-title elementor-size-default\">Losion<\/h2>\t\t\t\t<\/div>\n\t\t\t\t<\/div>\n\t\t\t\t<div class=\"elementor-element elementor-element-a4a472e elementor-widget elementor-widget-text-editor\" data-id=\"a4a472e\" data-element_type=\"widget\" data-widget_type=\"text-editor.default\">\n\t\t\t\t<div class=\"elementor-widget-container\">\n\t\t\t\t\t\t\t\t\t<p class=\"p1\">\u2022 Removes unpleasant odor<\/p><p class=\"p1\"><span style=\"font-size: 1rem;\">\u2022 Stimulates circulation<\/span><\/p>\t\t\t\t\t\t\t\t<\/div>\n\t\t\t\t<\/div>\n\t\t\t\t<div class=\"elementor-element elementor-element-4d36e19 elementor-align-center elementor-widget elementor-widget-button\" data-id=\"4d36e19\" data-element_type=\"widget\" data-widget_type=\"button.default\">\n\t\t\t\t<div class=\"elementor-widget-container\">\n\t\t\t\t\t\t\t\t\t<div class=\"elementor-button-wrapper\">\n\t\t\t\t\t<a class=\"elementor-button elementor-button-link elementor-size-sm\" href=\"#elementor-action%3Aaction%3Dpopup%3Aopen%26settings%3DeyJpZCI6IjQzOTQiLCJ0b2dnbGUiOmZhbHNlfQ%3D%3D\">\n\t\t\t\t\t\t<span class=\"elementor-button-content-wrapper\">\n\t\t\t\t\t\t\t\t\t<span class=\"elementor-button-text\">BUY<\/span>\n\t\t\t\t\t<\/span>\n\t\t\t\t\t<\/a>\n\t\t\t\t<\/div>\n\t\t\t\t\t\t\t\t<\/div>\n\t\t\t\t<\/div>\n\t\t\t\t\t<\/div>\n\t\t<\/div>\n\t\t\t\t\t<\/div>\n\t\t<\/section>\n\t\t\t\t<section class=\"elementor-section elementor-top-section elementor-element elementor-element-96b1153 elementor-section-boxed elementor-section-height-default elementor-section-height-default\" data-id=\"96b1153\" data-element_type=\"section\">\n\t\t\t\t\t\t<div class=\"elementor-container elementor-column-gap-default\">\n\t\t\t\t\t<div class=\"elementor-column elementor-col-33 elementor-top-column elementor-element elementor-element-a0d22b3\" data-id=\"a0d22b3\" data-element_type=\"column\" data-settings=\"{&quot;background_background&quot;:&quot;classic&quot;}\">\n\t\t\t<div class=\"elementor-widget-wrap\">\n\t\t\t\t\t\t\t<\/div>\n\t\t<\/div>\n\t\t\t\t<div class=\"elementor-column elementor-col-33 elementor-top-column elementor-element elementor-element-5d8b8fb\" data-id=\"5d8b8fb\" data-element_type=\"column\" data-settings=\"{&quot;background_background&quot;:&quot;classic&quot;}\">\n\t\t\t<div class=\"elementor-widget-wrap elementor-element-populated\">\n\t\t\t\t\t\t<div class=\"elementor-element elementor-element-0599b15 elementor-widget elementor-widget-image\" data-id=\"0599b15\" data-element_type=\"widget\" data-widget_type=\"image.default\">\n\t\t\t\t<div class=\"elementor-widget-container\">\n\t\t\t\t\t\t\t\t\t\t\t\t\t\t\t\t<a href=\"https:\/\/www.nevenaleskovac.rs\/en\/product\/fresh-step-puder\/\">\n\t\t\t\t\t\t\t<img loading=\"lazy\" decoding=\"async\" width=\"800\" height=\"800\" src=\"https:\/\/www.nevenaleskovac.rs\/wp-content\/uploads\/2025\/06\/N_FreshStep_Puder-1024x1024.png\" class=\"attachment-large size-large wp-image-4321\" alt=\"\" srcset=\"https:\/\/www.nevenaleskovac.rs\/wp-content\/uploads\/2025\/06\/N_FreshStep_Puder-1024x1024.png 1024w, https:\/\/www.nevenaleskovac.rs\/wp-content\/uploads\/2025\/06\/N_FreshStep_Puder-300x300.png 300w, https:\/\/www.nevenaleskovac.rs\/wp-content\/uploads\/2025\/06\/N_FreshStep_Puder-150x150.png 150w, https:\/\/www.nevenaleskovac.rs\/wp-content\/uploads\/2025\/06\/N_FreshStep_Puder-768x768.png 768w, https:\/\/www.nevenaleskovac.rs\/wp-content\/uploads\/2025\/06\/N_FreshStep_Puder-1536x1536.png 1536w, https:\/\/www.nevenaleskovac.rs\/wp-content\/uploads\/2025\/06\/N_FreshStep_Puder-12x12.png 12w, https:\/\/www.nevenaleskovac.rs\/wp-content\/uploads\/2025\/06\/N_FreshStep_Puder-600x600.png 600w, https:\/\/www.nevenaleskovac.rs\/wp-content\/uploads\/2025\/06\/N_FreshStep_Puder-100x100.png 100w, https:\/\/www.nevenaleskovac.rs\/wp-content\/uploads\/2025\/06\/N_FreshStep_Puder.png 1800w\" sizes=\"(max-width: 800px) 100vw, 800px\" \/>\t\t\t\t\t\t\t\t<\/a>\n\t\t\t\t\t\t\t\t\t\t\t\t\t\t\t<\/div>\n\t\t\t\t<\/div>\n\t\t\t\t<div class=\"elementor-element elementor-element-5b36e60 elementor-widget elementor-widget-heading\" data-id=\"5b36e60\" data-element_type=\"widget\" data-widget_type=\"heading.default\">\n\t\t\t\t<div class=\"elementor-widget-container\">\n\t\t\t\t\t<h2 class=\"elementor-heading-title elementor-size-default\">Puder<\/h2>\t\t\t\t<\/div>\n\t\t\t\t<\/div>\n\t\t\t\t<div class=\"elementor-element elementor-element-e1195f7 elementor-widget elementor-widget-text-editor\" data-id=\"e1195f7\" data-element_type=\"widget\" data-widget_type=\"text-editor.default\">\n\t\t\t\t<div class=\"elementor-widget-container\">\n\t\t\t\t\t\t\t\t\t<p class=\"p1\">\u2022 Removes unpleasant odor<\/p><p class=\"p1\">\u2022 Refreshes the feet\u00a0<\/p><p class=\"p1\">\u2022 Absorbs excess sweat<\/p>\t\t\t\t\t\t\t\t<\/div>\n\t\t\t\t<\/div>\n\t\t\t\t<div class=\"elementor-element elementor-element-7594c99 elementor-align-center elementor-widget elementor-widget-button\" data-id=\"7594c99\" data-element_type=\"widget\" data-widget_type=\"button.default\">\n\t\t\t\t<div class=\"elementor-widget-container\">\n\t\t\t\t\t\t\t\t\t<div class=\"elementor-button-wrapper\">\n\t\t\t\t\t<a class=\"elementor-button elementor-button-link elementor-size-sm\" href=\"#elementor-action%3Aaction%3Dpopup%3Aopen%26settings%3DeyJpZCI6IjQ0MDMiLCJ0b2dnbGUiOmZhbHNlfQ%3D%3D\">\n\t\t\t\t\t\t<span class=\"elementor-button-content-wrapper\">\n\t\t\t\t\t\t\t\t\t<span class=\"elementor-button-text\">BUY<\/span>\n\t\t\t\t\t<\/span>\n\t\t\t\t\t<\/a>\n\t\t\t\t<\/div>\n\t\t\t\t\t\t\t\t<\/div>\n\t\t\t\t<\/div>\n\t\t\t\t\t<\/div>\n\t\t<\/div>\n\t\t\t\t<div class=\"elementor-column elementor-col-33 elementor-top-column elementor-element elementor-element-7792a1c\" data-id=\"7792a1c\" data-element_type=\"column\" data-settings=\"{&quot;background_background&quot;:&quot;classic&quot;}\">\n\t\t\t<div class=\"elementor-widget-wrap\">\n\t\t\t\t\t\t\t<\/div>\n\t\t<\/div>\n\t\t\t\t\t<\/div>\n\t\t<\/section>\n\t\t\t\t<\/div>","protected":false},"excerpt":{"rendered":"<p>FRESH STEP Za negovana stopala Za negovana stopala Fresh Step proizvodi svojom jedinstvenom formulom, pru\u017eaju kompletnu negu i olak\u0161anje stopalima. Visoko pouzdani preparati za masa\u017eu i negu umornih, prenapregnutih i bolnih stopala. Poma\u017eu kod gljivi\u010dnih infekcija, stimuli\u0161u cirkulaciju, otklanjaju neprijatne mirise i suzbijaju prekomerno znojenje stopala. Bri\u017eljivo odabrane aktivne komponente, odli\u010dno umiruju umorna i osetljiva<a class=\"read-article\" href=\"https:\/\/www.nevenaleskovac.rs\/en\/fresh-step-kolekcija\/\"> Saznaj vise<\/a><\/p>","protected":false},"author":1,"featured_media":0,"parent":0,"menu_order":0,"comment_status":"closed","ping_status":"closed","template":"","meta":{"_acf_changed":false,"footnotes":""},"class_list":["post-1138","page","type-page","status-publish","hentry"],"acf":[],"_links":{"self":[{"href":"https:\/\/www.nevenaleskovac.rs\/en\/wp-json\/wp\/v2\/pages\/1138","targetHints":{"allow":["GET"]}}],"collection":[{"href":"https:\/\/www.nevenaleskovac.rs\/en\/wp-json\/wp\/v2\/pages"}],"about":[{"href":"https:\/\/www.nevenaleskovac.rs\/en\/wp-json\/wp\/v2\/types\/page"}],"author":[{"embeddable":true,"href":"https:\/\/www.nevenaleskovac.rs\/en\/wp-json\/wp\/v2\/users\/1"}],"replies":[{"embeddable":true,"href":"https:\/\/www.nevenaleskovac.rs\/en\/wp-json\/wp\/v2\/comments?post=1138"}],"version-history":[{"count":200,"href":"https:\/\/www.nevenaleskovac.rs\/en\/wp-json\/wp\/v2\/pages\/1138\/revisions"}],"predecessor-version":[{"id":4408,"href":"https:\/\/www.nevenaleskovac.rs\/en\/wp-json\/wp\/v2\/pages\/1138\/revisions\/4408"}],"wp:attachment":[{"href":"https:\/\/www.nevenaleskovac.rs\/en\/wp-json\/wp\/v2\/media?parent=1138"}],"curies":[{"name":"wp","href":"https:\/\/api.w.org\/{rel}","templated":true}]}}